{"id":12,"date":"2022-05-18T01:16:40","date_gmt":"2022-05-18T01:16:40","guid":{"rendered":"https:\/\/ayuda.solfact.pe\/?page_id=12"},"modified":"2022-05-18T01:18:12","modified_gmt":"2022-05-18T01:18:12","slug":"facturador","status":"publish","type":"page","link":"https:\/\/ayuda.solfact.pe\/","title":{"rendered":"Facturaci\u00f3n Electr\u00f3nica | Ayuda"},"content":{"rendered":"\r\n\t\t<div id=\"epkb-main-page-container\" role=\"main\" aria-labelledby=\"Knowledge Base\" class=\"epkb-css-full-reset epkb-basic-template eckb_mp_active_theme_Divi\">\r\n\t\t\t<div class=\"epkb-full\">  \r\n\t\t<div class=\"epkb-doc-search-container \"  style=\"background-color: #edf2f6; padding-top: 20px; padding-right: 0px; padding-bottom: 20px; padding-left: 0px; margin-top: 0px; margin-bottom: 40px;\"  >\r\n\r\n\t\t\t<div class=\"epkb-doc-search-container__title\"  style=\"color: #000000; font-size:36px;\" > Sistema de Facturaci\u00f3n | Gu\u00edas de uso | Solfact<\/div>\r\n\t\t\t<form id=\"epkb_search_form\"  style=\"width: 40%;\"  class=\"epkb-search epkb-search-form-1\" method=\"get\" action=\"\/\">\r\n\r\n\t\t\t\t<div class=\"epkb-search-box\">\r\n\t\t\t\t\t<input type=\"text\"  style=\"border-width: 1px; border-color: #d1d1d1; background-color: #FFFFFF; background: #FFFFFF;\"  id=\"epkb_search_terms\" aria-label=\"Buscar la documentaci\u00f3n...\" name=\"s\" value=\"\" placeholder=\"Buscar la documentaci\u00f3n...\" \/>\r\n\t\t\t\t\t<input type=\"hidden\" id=\"epkb_kb_id\" value=\"1\"\/>\r\n\t\t\t\t\t<div class=\"epkb-search-box_button-wrap\">\r\n\t\t\t\t\t\t<button type=\"submit\" id=\"epkb-search-kb\"  style=\"background-color: #1e73be; background: #1e73be; border-color: #1e73be;\" >Buscar <\/button>\r\n\t\t\t\t\t<\/div>\r\n\t\t\t\t\t<div class=\"loading-spinner\"><\/div>\r\n\t\t\t\t<\/div>\r\n\t\t\t\t<div id=\"epkb_search_results\"><\/div>\r\n\r\n\t\t\t<\/form>\r\n\r\n\t\t<\/div>  \t\t\t\t<div id=\"epkb-content-container\"  style=\"background-color: #FFFFFF;\"  >\r\n\r\n\t\t\t\t\t<!--  Main Page Content -->\r\n\t\t\t\t\t<div class=\"epkb-section-container\">\t\r\n\t\t<div class=\"epkb-three-col eckb-categories-list\" > \r\n\t\t\t\t<!-- Section Container ( Category Box ) -->\r\n\t\t\t\t<section id=\"epkb_cat_1\" class=\"no_shadow epkb-top-category-box\"  style=\"border-radius: 4px; border-width: 0px; border-color: #DBDBDB; background-color: #FFFFFF; border-style: solid;\"  >\r\n\r\n\t\t\t\t\t<!-- Section Head -->\r\n\t\t\t\t\t<div class=\"section-head section_divider\"  style=\"border-bottom-width: 2px; background-color: #FFFFFF; border-top-left-radius: 4px; border-top-right-radius: 4px; border-bottom-color: #edf2f6; padding-top: 20px; padding-bottom: 20px; padding-left: 4px; padding-right: 4px;\"  >\r\n\r\n\t\t\t\t\t\t<!-- Category Name + Icon -->\r\n\t\t\t\t\t\t<div class=\"epkb-category-level-1 epkb-category--left-cat-icon\"   style=\"color: #00a7f3; text-align: start; justify-content: flex-start;\"  >\r\n\r\n\t\t\t\t\t\t\t<!-- Icon Top \/ Left -->\t                            \t\t\t\t\t\t\t\t\t<span class=\"epkb-cat-icon epkbfa epkbfa-user\" data-kb-category-icon=\"epkbfa-user\"  style=\"color: #00a7f3; font-size: 25px;\" ><\/span>\t\t\t\t\t\t\t\t\t<h2 class=\"epkb-cat-name\"  style=\"color: #00a7f3; font-size:21px;\" >Ventas<\/h2>\t\t\t\t\t\t\t\r\n\t\t\t\t\t\t\t<!-- Icon Right -->     \r\n\t\t\t\t\t\t<\/div>\r\n\r\n\t\t\t\t\t\t<!-- Category Description -->\t\t\t\t\t\t\t\t\t\t\t<\/div>\r\n\r\n\t\t\t\t\t<!-- Section Body -->\r\n\t\t\t\t\t<div class=\"epkb-section-body\"  style=\"border-bottom-width: 0px; padding-top: 5px; padding-bottom: 4px; padding-left: 10px; padding-right: 10px; min-height: 150px;\"  >\t\t\t\t\t\t\r\n\t\t<ul class=\"epkb-main-category epkb-articles\"  style=\"padding-left: 10px;\" > \t\t\t\t<li class=\"epkb-article-level-1 \"   style=\"padding-bottom: 8px; padding-top: 8px;\"  >   \r\n\t\t<a href=\"https:\/\/ayuda.solfact.pe\/?epkb_post_type_1=como-facturar\" class=\"epkb-mp-article\" data-kb-article-id=13>\r\n\t\t\t<span class=\"eckb-article-title article_active_bold\"  style=\"color: #616161;\"  >\r\n\t\t\t\t<span class=\"eckb-article-title__icon ep_font_icon_document\"  style=\"color: #00a7f3;\" ><\/span>\r\n\t\t\t\t<span class=\"eckb-article-title__text\" >Como facturar<\/span>\r\n\t\t\t<\/span>\r\n\t\t<\/a> \t\t\t\t<\/li> \t\t\t\t<li class=\"epkb-article-level-1 \"   style=\"padding-bottom: 8px; padding-top: 8px;\"  >   \r\n\t\t<a href=\"https:\/\/ayuda.solfact.pe\/?epkb_post_type_1=listado-comprobantes\" class=\"epkb-mp-article\" data-kb-article-id=14>\r\n\t\t\t<span class=\"eckb-article-title article_active_bold\"  style=\"color: #616161;\"  >\r\n\t\t\t\t<span class=\"eckb-article-title__icon ep_font_icon_document\"  style=\"color: #00a7f3;\" ><\/span>\r\n\t\t\t\t<span class=\"eckb-article-title__text\" >Listado de Comprobantes<\/span>\r\n\t\t\t<\/span>\r\n\t\t<\/a> \t\t\t\t<\/li> \t\t\t\t<li class=\"epkb-article-level-1 \"   style=\"padding-bottom: 8px; padding-top: 8px;\"  >   \r\n\t\t<a href=\"https:\/\/ayuda.solfact.pe\/?epkb_post_type_1=notas-de-venta\" class=\"epkb-mp-article\" data-kb-article-id=15>\r\n\t\t\t<span class=\"eckb-article-title article_active_bold\"  style=\"color: #616161;\"  >\r\n\t\t\t\t<span class=\"eckb-article-title__icon ep_font_icon_document\"  style=\"color: #00a7f3;\" ><\/span>\r\n\t\t\t\t<span class=\"eckb-article-title__text\" >Notas de Venta<\/span>\r\n\t\t\t<\/span>\r\n\t\t<\/a> \t\t\t\t<\/li> \r\n\t\t<\/ul> \r\n\t\t\t\t\t<\/div><!-- Section Body End -->\r\n\r\n\t\t\t\t<\/section><!-- Section End -->  \r\n\t\t\t\t<!-- Section Container ( Category Box ) -->\r\n\t\t\t\t<section id=\"epkb_cat_2\" class=\"no_shadow epkb-top-category-box\"  style=\"border-radius: 4px; border-width: 0px; border-color: #DBDBDB; background-color: #FFFFFF; border-style: solid;\"  >\r\n\r\n\t\t\t\t\t<!-- Section Head -->\r\n\t\t\t\t\t<div class=\"section-head section_divider\"  style=\"border-bottom-width: 2px; background-color: #FFFFFF; border-top-left-radius: 4px; border-top-right-radius: 4px; border-bottom-color: #edf2f6; padding-top: 20px; padding-bottom: 20px; padding-left: 4px; padding-right: 4px;\"  >\r\n\r\n\t\t\t\t\t\t<!-- Category Name + Icon -->\r\n\t\t\t\t\t\t<div class=\"epkb-category-level-1 epkb-category--left-cat-icon\"   style=\"color: #00a7f3; text-align: start; justify-content: flex-start;\"  >\r\n\r\n\t\t\t\t\t\t\t<!-- Icon Top \/ Left -->\t                            \t\t\t\t\t\t\t\t\t<span class=\"epkb-cat-icon epkbfa epkbfa-pencil\" data-kb-category-icon=\"epkbfa-pencil\"  style=\"color: #00a7f3; font-size: 25px;\" ><\/span>\t\t\t\t\t\t\t\t\t<h2 class=\"epkb-cat-name\"  style=\"color: #00a7f3; font-size:21px;\" >Inventario<\/h2>\t\t\t\t\t\t\t\r\n\t\t\t\t\t\t\t<!-- Icon Right -->     \r\n\t\t\t\t\t\t<\/div>\r\n\r\n\t\t\t\t\t\t<!-- Category Description -->\t\t\t\t\t\t\t\t\t\t\t<\/div>\r\n\r\n\t\t\t\t\t<!-- Section Body -->\r\n\t\t\t\t\t<div class=\"epkb-section-body\"  style=\"border-bottom-width: 0px; padding-top: 5px; padding-bottom: 4px; padding-left: 10px; padding-right: 10px; min-height: 150px;\"  >\t\t\t\t\t\t\r\n\t\t<ul class=\"epkb-main-category epkb-articles\"  style=\"padding-left: 10px;\" > \t\t\t\t<li class=\"epkb-article-level-1 \"   style=\"padding-bottom: 8px; padding-top: 8px;\"  >   \r\n\t\t<a href=\"https:\/\/ayuda.solfact.pe\/?epkb_post_type_1=informacion-sobre-complementos-de-la-bc\" class=\"epkb-mp-article\" data-kb-article-id=17>\r\n\t\t\t<span class=\"eckb-article-title article_active_bold\"  style=\"color: #616161;\"  >\r\n\t\t\t\t<span class=\"eckb-article-title__icon ep_font_icon_document\"  style=\"color: #00a7f3;\" ><\/span>\r\n\t\t\t\t<span class=\"eckb-article-title__text\" >Movimientos<\/span>\r\n\t\t\t<\/span>\r\n\t\t<\/a> \t\t\t\t<\/li> \t\t\t\t<li class=\"epkb-article-level-1 \"   style=\"padding-bottom: 8px; padding-top: 8px;\"  >   \r\n\t\t<a href=\"https:\/\/ayuda.solfact.pe\/?epkb_post_type_1=reporte-inventario\" class=\"epkb-mp-article\" data-kb-article-id=46>\r\n\t\t\t<span class=\"eckb-article-title article_active_bold\"  style=\"color: #616161;\"  >\r\n\t\t\t\t<span class=\"eckb-article-title__icon ep_font_icon_document\"  style=\"color: #00a7f3;\" ><\/span>\r\n\t\t\t\t<span class=\"eckb-article-title__text\" >Reporte Inventario<\/span>\r\n\t\t\t<\/span>\r\n\t\t<\/a> \t\t\t\t<\/li> \t\t\t\t<li class=\"epkb-article-level-1 \"   style=\"padding-bottom: 8px; padding-top: 8px;\"  >   \r\n\t\t<a href=\"https:\/\/ayuda.solfact.pe\/?epkb_post_type_1=traslados\" class=\"epkb-mp-article\" data-kb-article-id=18>\r\n\t\t\t<span class=\"eckb-article-title article_active_bold\"  style=\"color: #616161;\"  >\r\n\t\t\t\t<span class=\"eckb-article-title__icon ep_font_icon_document\"  style=\"color: #00a7f3;\" ><\/span>\r\n\t\t\t\t<span class=\"eckb-article-title__text\" >Traslados<\/span>\r\n\t\t\t<\/span>\r\n\t\t<\/a> \t\t\t\t<\/li> \r\n\t\t<\/ul> \r\n\t\t\t\t\t<\/div><!-- Section Body End -->\r\n\r\n\t\t\t\t<\/section><!-- Section End -->  \r\n\t\t\t\t<!-- Section Container ( Category Box ) -->\r\n\t\t\t\t<section id=\"epkb_cat_3\" class=\"no_shadow epkb-top-category-box\"  style=\"border-radius: 4px; border-width: 0px; border-color: #DBDBDB; background-color: #FFFFFF; border-style: solid;\"  >\r\n\r\n\t\t\t\t\t<!-- Section Head -->\r\n\t\t\t\t\t<div class=\"section-head section_divider\"  style=\"border-bottom-width: 2px; background-color: #FFFFFF; border-top-left-radius: 4px; border-top-right-radius: 4px; border-bottom-color: #edf2f6; padding-top: 20px; padding-bottom: 20px; padding-left: 4px; padding-right: 4px;\"  >\r\n\r\n\t\t\t\t\t\t<!-- Category Name + Icon -->\r\n\t\t\t\t\t\t<div class=\"epkb-category-level-1 epkb-category--left-cat-icon\"   style=\"color: #00a7f3; text-align: start; justify-content: flex-start;\"  >\r\n\r\n\t\t\t\t\t\t\t<!-- Icon Top \/ Left -->\t                            \t\t\t\t\t\t\t\t\t<span class=\"epkb-cat-icon epkbfa epkbfa-sitemap\" data-kb-category-icon=\"epkbfa-sitemap\"  style=\"color: #00a7f3; font-size: 25px;\" ><\/span>\t\t\t\t\t\t\t\t\t<h2 class=\"epkb-cat-name\"  style=\"color: #00a7f3; font-size:21px;\" >Reportes<\/h2>\t\t\t\t\t\t\t\r\n\t\t\t\t\t\t\t<!-- Icon Right -->     \r\n\t\t\t\t\t\t<\/div>\r\n\r\n\t\t\t\t\t\t<!-- Category Description -->\t\t\t\t\t\t\t\t\t\t\t<\/div>\r\n\r\n\t\t\t\t\t<!-- Section Body -->\r\n\t\t\t\t\t<div class=\"epkb-section-body\"  style=\"border-bottom-width: 0px; padding-top: 5px; padding-bottom: 4px; padding-left: 10px; padding-right: 10px; min-height: 150px;\"  >\t\t\t\t\t\t\r\n\t\t<ul class=\"epkb-main-category epkb-articles\"  style=\"padding-left: 10px;\" > <li class=\"epkb-articles-coming-soon\">Nuevos art\u00edculos proximamente<\/li>\r\n\t\t<\/ul> \r\n\t\t\t\t\t<\/div><!-- Section Body End -->\r\n\r\n\t\t\t\t<\/section><!-- Section End -->  \r\n\t\t\t\t<!-- Section Container ( Category Box ) -->\r\n\t\t\t\t<section id=\"epkb_cat_4\" class=\"no_shadow epkb-top-category-box\"  style=\"border-radius: 4px; border-width: 0px; border-color: #DBDBDB; background-color: #FFFFFF; border-style: solid;\"  >\r\n\r\n\t\t\t\t\t<!-- Section Head -->\r\n\t\t\t\t\t<div class=\"section-head section_divider\"  style=\"border-bottom-width: 2px; background-color: #FFFFFF; border-top-left-radius: 4px; border-top-right-radius: 4px; border-bottom-color: #edf2f6; padding-top: 20px; padding-bottom: 20px; padding-left: 4px; padding-right: 4px;\"  >\r\n\r\n\t\t\t\t\t\t<!-- Category Name + Icon -->\r\n\t\t\t\t\t\t<div class=\"epkb-category-level-1 epkb-category--left-cat-icon\"   style=\"color: #00a7f3; text-align: start; justify-content: flex-start;\"  >\r\n\r\n\t\t\t\t\t\t\t<!-- Icon Top \/ Left -->\t                            \t\t\t\t\t\t\t\t\t<span class=\"epkb-cat-icon epkbfa ep_font_icon_folder\" data-kb-category-icon=\"ep_font_icon_folder\"  style=\"color: #00a7f3; font-size: 25px;\" ><\/span>\t\t\t\t\t\t\t\t\t<h2 class=\"epkb-cat-name\"  style=\"color: #00a7f3; font-size:21px;\" >POS<\/h2>\t\t\t\t\t\t\t\r\n\t\t\t\t\t\t\t<!-- Icon Right -->     \r\n\t\t\t\t\t\t<\/div>\r\n\r\n\t\t\t\t\t\t<!-- Category Description -->\t\t\t\t\t\t\t\t\t\t\t<\/div>\r\n\r\n\t\t\t\t\t<!-- Section Body -->\r\n\t\t\t\t\t<div class=\"epkb-section-body\"  style=\"border-bottom-width: 0px; padding-top: 5px; padding-bottom: 4px; padding-left: 10px; padding-right: 10px; min-height: 150px;\"  >\t\t\t\t\t\t\r\n\t\t<ul class=\"epkb-main-category epkb-articles\"  style=\"padding-left: 10px;\" > \t\t\t\t<li class=\"epkb-article-level-1 \"   style=\"padding-bottom: 8px; padding-top: 8px;\"  >   \r\n\t\t<a href=\"https:\/\/ayuda.solfact.pe\/?epkb_post_type_1=instalacion-pos\" class=\"epkb-mp-article\" data-kb-article-id=59>\r\n\t\t\t<span class=\"eckb-article-title article_active_bold\"  style=\"color: #616161;\"  >\r\n\t\t\t\t<span class=\"eckb-article-title__icon ep_font_icon_document\"  style=\"color: #00a7f3;\" ><\/span>\r\n\t\t\t\t<span class=\"eckb-article-title__text\" >Instalaci\u00f3n de impresi\u00f3n autom\u00e1tica<\/span>\r\n\t\t\t<\/span>\r\n\t\t<\/a> \t\t\t\t<\/li> \t\t\t\t<li class=\"epkb-article-level-1 \"   style=\"padding-bottom: 8px; padding-top: 8px;\"  >   \r\n\t\t<a href=\"https:\/\/ayuda.solfact.pe\/?epkb_post_type_1=punto-venta\" class=\"epkb-mp-article\" data-kb-article-id=16>\r\n\t\t\t<span class=\"eckb-article-title article_active_bold\"  style=\"color: #616161;\"  >\r\n\t\t\t\t<span class=\"eckb-article-title__icon ep_font_icon_document\"  style=\"color: #00a7f3;\" ><\/span>\r\n\t\t\t\t<span class=\"eckb-article-title__text\" >Punto de venta<\/span>\r\n\t\t\t<\/span>\r\n\t\t<\/a> \t\t\t\t<\/li> \r\n\t\t<\/ul> \r\n\t\t\t\t\t<\/div><!-- Section Body End -->\r\n\r\n\t\t\t\t<\/section><!-- Section End -->  \r\n\t\t<\/div>       \t\t\t\t\t<\/div>\r\n\r\n\t\t\t\t<\/div>\r\n\t\t\t<\/div>\r\n\t\t<\/div>   \n","protected":false},"excerpt":{"rendered":"","protected":false},"author":1,"featured_media":0,"parent":0,"menu_order":0,"comment_status":"closed","ping_status":"closed","template":"","meta":{"_et_pb_use_builder":"","_et_pb_old_content":"","_et_gb_content_width":"","footnotes":""},"class_list":["post-12","page","type-page","status-publish","hentry"],"_links":{"self":[{"href":"https:\/\/ayuda.solfact.pe\/index.php?rest_route=\/wp\/v2\/pages\/12","targetHints":{"allow":["GET"]}}],"collection":[{"href":"https:\/\/ayuda.solfact.pe\/index.php?rest_route=\/wp\/v2\/pages"}],"about":[{"href":"https:\/\/ayuda.solfact.pe\/index.php?rest_route=\/wp\/v2\/types\/page"}],"author":[{"embeddable":true,"href":"https:\/\/ayuda.solfact.pe\/index.php?rest_route=\/wp\/v2\/users\/1"}],"replies":[{"embeddable":true,"href":"https:\/\/ayuda.solfact.pe\/index.php?rest_route=%2Fwp%2Fv2%2Fcomments&post=12"}],"version-history":[{"count":2,"href":"https:\/\/ayuda.solfact.pe\/index.php?rest_route=\/wp\/v2\/pages\/12\/revisions"}],"predecessor-version":[{"id":21,"href":"https:\/\/ayuda.solfact.pe\/index.php?rest_route=\/wp\/v2\/pages\/12\/revisions\/21"}],"wp:attachment":[{"href":"https:\/\/ayuda.solfact.pe\/index.php?rest_route=%2Fwp%2Fv2%2Fmedia&parent=12"}],"curies":[{"name":"wp","href":"https:\/\/api.w.org\/{rel}","templated":true}]}}